{"id":3611,"date":"2020-12-07T22:55:44","date_gmt":"2020-12-07T22:55:44","guid":{"rendered":"https:\/\/gpsites.co\/donate\/?page_id=3611"},"modified":"2022-11-25T15:51:01","modified_gmt":"2022-11-25T21:51:01","slug":"styles","status":"publish","type":"page","link":"https:\/\/mcclick.com.mx\/index.php\/styles\/","title":{"rendered":"Productos"},"content":{"rendered":"<div class=\"gb-container gb-container-1b637334\"><div class=\"gb-inside-container\">\n\n<h1 class=\"gb-headline gb-headline-1c687106 gb-headline-text\">Renta de equipos para servicio de medici\u00f3n a boca de pozo (Aforo)<\/h1>\n\n\n\n<p>Surface Well Testing: Se cuenta con equipos que se adecuan a diferentes condiciones y ambientes de operaci\u00f3n, con soluciones integrales en la medici\u00f3n y producci\u00f3n de pozos offshore \/ onshore, garantizando la seguridad de las operaciones y permitiendo una soluci\u00f3n \u00f3ptima a la medida de las necesidades.<\/p>\n\n\n\n<figure class=\"wp-block-image size-large\"><img loading=\"lazy\" width=\"1024\" height=\"683\" src=\"https:\/\/mcclick.com.mx\/wp-content\/uploads\/2022\/10\/chokemanifold02-1024x683.jpg\" alt=\"\" class=\"wp-image-4707\" srcset=\"https:\/\/mcclick.com.mx\/wp-content\/uploads\/2022\/10\/chokemanifold02-1024x683.jpg 1024w, https:\/\/mcclick.com.mx\/wp-content\/uploads\/2022\/10\/chokemanifold02-300x200.jpg 300w, https:\/\/mcclick.com.mx\/wp-content\/uploads\/2022\/10\/chokemanifold02-768x512.jpg 768w, https:\/\/mcclick.com.mx\/wp-content\/uploads\/2022\/10\/chokemanifold02-1536x1024.jpg 1536w, https:\/\/mcclick.com.mx\/wp-content\/uploads\/2022\/10\/chokemanifold02.jpg 1600w\" sizes=\"(max-width: 1024px) 100vw, 1024px\" \/><\/figure>\n\n\n\n<hr class=\"wp-block-separator has-alpha-channel-opacity\"\/>\n\n\n\n<h1 class=\"gb-headline gb-headline-97fa7a5e gb-headline-text\"><strong>Renta y venta de equipo para manejo de presi\u00f3n<\/strong><\/h1>\n\n\n\n<p><strong>Rentas<\/strong><strong> <\/strong><strong>de <\/strong><strong>equipo<\/strong><strong> <\/strong><strong>de<\/strong><strong> <\/strong><strong>superficie<\/strong><\/p>\n\n\n\n<p>Contamos con equipos para el desarrollo de trabajos especializados en operaciones petroleras.<\/p>\n\n\n\n<p>Equipos disponibles<\/p>\n\n\n\n<ul><li>Cabinas de adquisici\u00f3n de datos y\/o monitoreo<\/li><li>V\u00e1lvula SSV con consola ESD (10 K y 15 K)<\/li><li>Choke manifolds de 2\u201d y 3\u201d (10 K y 15 K)<\/li><li>Tuber\u00eda de superficie port\u00e1til para transporte de fluidos (NACE-0175) de 2\u201d, 3\u201d y 4\u201d (fig 1502 y 602)<\/li><li>Separador Trif\u00e1sico 48 in x 10 ft<\/li><li>Medidores Multif\u00e1sicos<\/li><li>Gas Manifold 3\u201d<\/li><li>Oil Manifold 3\u201d<\/li><li>Frac Tank de 500 bls<\/li><li>Quemadores terrestres de gas para perforaci\u00f3n y pruebas superficiales (4\u201d y 6\u201d)<\/li><li>Bombas Triplex para pruebas hidrost\u00e1ticas y trasiego de fluidos<\/li><li>Bridas y X-over en diversas medidas ( 2\u201d, 3\u201d y 4\u201d) 10 k y 15 K<\/li><\/ul>\n\n\n\n<p><\/p>\n\n\n\n<figure class=\"wp-block-image size-full\"><img loading=\"lazy\" width=\"800\" height=\"533\" src=\"https:\/\/mcclick.com.mx\/wp-content\/uploads\/2022\/11\/superficie_02.png\" alt=\"\" class=\"wp-image-4836\" srcset=\"https:\/\/mcclick.com.mx\/wp-content\/uploads\/2022\/11\/superficie_02.png 800w, https:\/\/mcclick.com.mx\/wp-content\/uploads\/2022\/11\/superficie_02-300x200.png 300w, https:\/\/mcclick.com.mx\/wp-content\/uploads\/2022\/11\/superficie_02-768x512.png 768w\" sizes=\"(max-width: 800px) 100vw, 800px\" \/><\/figure>\n\n\n\n<hr class=\"wp-block-separator has-alpha-channel-opacity\"\/>\n\n\n\n<h1 class=\"gb-headline gb-headline-ca5e0399 gb-headline-text\"><strong><strong>Renta de equipos de para adquisici\u00f3n de datos<\/strong><\/strong><\/h1>\n\n\n\n<p>Con la actual exigencia de nuestros clientes ponemos a su servicio nuestro sistema de adquisici\u00f3n de datos con instrumentaci\u00f3n h\u00edbrida (cableada\/inal\u00e1mbrica) con la menor incertidumbre de acuerdo a los est\u00e1ndares internacionales, para trabajos en tierra y costa fuera.<\/p>\n\n\n\n<p>Equipos disponibles:<\/p>\n\n\n\n<ul><li>Set de adquisici\u00f3n para \u00e1rbol de estrangulaci\u00f3n de 15k.<\/li><li>Set de adquisici\u00f3n para \u00e1rbol de estrangulaci\u00f3n de 10k.<\/li><li>Set de adquisici\u00f3n para separador sencillo de 1440 psi.<\/li><li>Set de adquisici\u00f3n para sistemas de separaci\u00f3n de doble etapa.<\/li><li>Set de adquisici\u00f3n para medici\u00f3n multif\u00e1sica.<\/li><li>Computadores de flujo para medici\u00f3n de gas con calidad fiscal.<\/li><li>Transmisi\u00f3n remota de la adquisici\u00f3n mediante servicio satelital.<\/li><\/ul>\n\n\n\n<p>Toda nuestra instrumentaci\u00f3n se encuentra certificada ante la EMA.<br>Como parte del servicio de adquisici\u00f3n, tambi\u00e9n se cuenta con el servicio de medici\u00f3n fiscal a boca de pozo o en cabezal, as\u00ed como asesor\u00eda y soporte.<br>De igual manera para poder ofrecerles una soluci\u00f3n integral, realizamos incorporaciones de sistemas existentes a nuestra plataforma de monitoreo y viceversa..<\/p>\n\n\n\n<hr class=\"wp-block-separator has-alpha-channel-opacity\"\/>\n\n\n\n<h1 class=\"gb-headline gb-headline-35efa5dc gb-headline-text\"><strong><strong>Renta de equipos de para adquisici\u00f3n de datos<\/strong><\/strong><\/h1>\n\n\n\n<p>Contamos con equipos para el desarrollo de trabajos especializados en boca &nbsp;de pozo.<\/p>\n\n\n\n<ul><li>Centrifuga Walker<\/li><li>Ranarex<\/li><li>Ant\u00f3n paar<\/li><li>V\u00e1lvulas de compuerta<\/li><li>V\u00e1lvulas esf\u00e9ricas<\/li><li>Conexiones tipo O.D.<\/li><li>Equipo de laboratorio e instrumentaci\u00f3n<\/li><li>Partes y kits de mantenimiento.<\/li><\/ul>\n\n\n\n<figure class=\"wp-block-image size-full\"><img loading=\"lazy\" width=\"800\" height=\"533\" src=\"https:\/\/mcclick.com.mx\/wp-content\/uploads\/2022\/11\/laboratorio_01.png\" alt=\"\" class=\"wp-image-4830\" srcset=\"https:\/\/mcclick.com.mx\/wp-content\/uploads\/2022\/11\/laboratorio_01.png 800w, https:\/\/mcclick.com.mx\/wp-content\/uploads\/2022\/11\/laboratorio_01-300x200.png 300w, https:\/\/mcclick.com.mx\/wp-content\/uploads\/2022\/11\/laboratorio_01-768x512.png 768w\" sizes=\"(max-width: 800px) 100vw, 800px\" \/><\/figure>\n\n\n\n<hr class=\"wp-block-separator has-alpha-channel-opacity\"\/>\n\n\n\n<h1 class=\"gb-headline gb-headline-aff2aefe gb-headline-text\">Torno, maquinados y soldadura<\/h1>\n\n\n\n<p><strong>Fabricaci\u00f3n de combinaciones (x-Overs) y todo tipo de maquinados<\/strong><\/p>\n\n\n\n<ul><li>Fabricaci\u00f3n&nbsp; de carretes espaciadores, adaptadores, tuber\u00eda, x-overs, bridas, maquinado de roscas (petroleras, especiales, pl\u00e1sticos, naylamid, neopreno, etc), as\u00ed como barrenas en cualquier medida.<\/li><li>Soldadura con proceso oxiacetileno, TIG, MIC, el\u00e9ctrica, aluminio, estructural.<\/li><\/ul>\n\n\n\n<figure class=\"wp-block-image size-full\"><img loading=\"lazy\" width=\"800\" height=\"533\" src=\"https:\/\/mcclick.com.mx\/wp-content\/uploads\/2022\/10\/carretes_01.png\" alt=\"\" class=\"wp-image-4813\" srcset=\"https:\/\/mcclick.com.mx\/wp-content\/uploads\/2022\/10\/carretes_01.png 800w, https:\/\/mcclick.com.mx\/wp-content\/uploads\/2022\/10\/carretes_01-300x200.png 300w, https:\/\/mcclick.com.mx\/wp-content\/uploads\/2022\/10\/carretes_01-768x512.png 768w\" sizes=\"(max-width: 800px) 100vw, 800px\" \/><\/figure>\n\n\n\n<hr class=\"wp-block-separator has-alpha-channel-opacity\"\/>\n\n<\/div><\/div>","protected":false},"excerpt":{"rendered":"<p>Renta de equipos para servicio de medici\u00f3n a boca de pozo (Aforo) Surface Well Testing: Se cuenta con equipos que se adecuan a diferentes condiciones y ambientes de operaci\u00f3n, con soluciones integrales en la medici\u00f3n y producci\u00f3n de pozos offshore \/ onshore, garantizando la seguridad de las operaciones y permitiendo una soluci\u00f3n \u00f3ptima a la &#8230; <a title=\"Productos\" class=\"read-more\" href=\"https:\/\/mcclick.com.mx\/index.php\/styles\/\" aria-label=\"More on Productos\">Read more<\/a><\/p>\n","protected":false},"author":1,"featured_media":0,"parent":0,"menu_order":0,"comment_status":"closed","ping_status":"closed","template":"","meta":{"om_disable_all_campaigns":false,"_monsterinsights_skip_tracking":false,"_monsterinsights_sitenote_active":false,"_monsterinsights_sitenote_note":"","_monsterinsights_sitenote_category":0},"aioseo_notices":[],"_links":{"self":[{"href":"https:\/\/mcclick.com.mx\/index.php\/wp-json\/wp\/v2\/pages\/3611"}],"collection":[{"href":"https:\/\/mcclick.com.mx\/index.php\/wp-json\/wp\/v2\/pages"}],"about":[{"href":"https:\/\/mcclick.com.mx\/index.php\/wp-json\/wp\/v2\/types\/page"}],"author":[{"embeddable":true,"href":"https:\/\/mcclick.com.mx\/index.php\/wp-json\/wp\/v2\/users\/1"}],"replies":[{"embeddable":true,"href":"https:\/\/mcclick.com.mx\/index.php\/wp-json\/wp\/v2\/comments?post=3611"}],"version-history":[{"count":28,"href":"https:\/\/mcclick.com.mx\/index.php\/wp-json\/wp\/v2\/pages\/3611\/revisions"}],"predecessor-version":[{"id":4839,"href":"https:\/\/mcclick.com.mx\/index.php\/wp-json\/wp\/v2\/pages\/3611\/revisions\/4839"}],"wp:attachment":[{"href":"https:\/\/mcclick.com.mx\/index.php\/wp-json\/wp\/v2\/media?parent=3611"}],"curies":[{"name":"wp","href":"https:\/\/api.w.org\/{rel}","templated":true}]}}